{"id":294,"date":"2016-11-03T16:50:09","date_gmt":"2016-11-03T16:50:09","guid":{"rendered":"http:\/\/lawyer2.mythemecloud.io\/?page_id=294"},"modified":"2024-10-18T13:22:10","modified_gmt":"2024-10-18T11:22:10","slug":"practice-areas","status":"publish","type":"page","link":"https:\/\/www.gtgtn.com\/index.php\/practice-areas\/","title":{"rendered":"R\u00e9alisations"},"content":{"rendered":"\t\t<div data-elementor-type=\"wp-post\" data-elementor-id=\"294\" class=\"elementor elementor-294\">\n\t\t\t\t\t\t<section class=\"elementor-section elementor-top-section elementor-element elementor-element-bu71rau elementor-section-boxed elementor-section-height-default elementor-section-height-default\" data-id=\"bu71rau\" data-element_type=\"section\" data-settings=\"{&quot;background_background&quot;:&quot;classic&quot;}\">\n\t\t\t\t\t\t<div class=\"elementor-container elementor-column-gap-default\">\n\t\t\t\t\t<div class=\"elementor-column elementor-col-33 elementor-top-column elementor-element elementor-element-98e6055\" data-id=\"98e6055\" data-element_type=\"column\">\n\t\t\t<div class=\"elementor-widget-wrap elementor-element-populated\">\n\t\t\t\t\t\t<div class=\"elementor-element elementor-element-86b153f areas-box elementor-position-top elementor-widget elementor-widget-image-box\" data-id=\"86b153f\" data-element_type=\"widget\" data-widget_type=\"image-box.default\">\n\t\t\t\t<div class=\"elementor-widget-container\">\n\t\t\t<style>\/*! elementor - v3.23.0 - 05-08-2024 *\/\n.elementor-widget-image-box .elementor-image-box-content{width:100%}@media (min-width:768px){.elementor-widget-image-box.elementor-position-left .elementor-image-box-wrapper,.elementor-widget-image-box.elementor-position-right .elementor-image-box-wrapper{display:flex}.elementor-widget-image-box.elementor-position-right .elementor-image-box-wrapper{text-align:end;flex-direction:row-reverse}.elementor-widget-image-box.elementor-position-left .elementor-image-box-wrapper{text-align:start;flex-direction:row}.elementor-widget-image-box.elementor-position-top .elementor-image-box-img{margin:auto}.elementor-widget-image-box.elementor-vertical-align-top .elementor-image-box-wrapper{align-items:flex-start}.elementor-widget-image-box.elementor-vertical-align-middle .elementor-image-box-wrapper{align-items:center}.elementor-widget-image-box.elementor-vertical-align-bottom .elementor-image-box-wrapper{align-items:flex-end}}@media (max-width:767px){.elementor-widget-image-box .elementor-image-box-img{margin-left:auto!important;margin-right:auto!important;margin-bottom:15px}}.elementor-widget-image-box .elementor-image-box-img{display:inline-block}.elementor-widget-image-box .elementor-image-box-title a{color:inherit}.elementor-widget-image-box .elementor-image-box-wrapper{text-align:center}.elementor-widget-image-box .elementor-image-box-description{margin:0}<\/style><div class=\"elementor-image-box-wrapper\"><figure class=\"elementor-image-box-img\"><a href=\"#\" tabindex=\"-1\"><img fetchpriority=\"high\" decoding=\"async\" width=\"600\" height=\"600\" src=\"https:\/\/www.gtgtn.com\/wp-content\/uploads\/2024\/10\/WhatsApp-Image-2024-02-14-at-08.59.16-600x600.jpeg\" class=\"attachment-ocean-thumb-m size-ocean-thumb-m wp-image-961\" alt=\"\" srcset=\"https:\/\/www.gtgtn.com\/wp-content\/uploads\/2024\/10\/WhatsApp-Image-2024-02-14-at-08.59.16-600x600.jpeg 600w, https:\/\/www.gtgtn.com\/wp-content\/uploads\/2024\/10\/WhatsApp-Image-2024-02-14-at-08.59.16-150x150.jpeg 150w\" sizes=\"(max-width: 600px) 100vw, 600px\" \/><\/a><\/figure><div class=\"elementor-image-box-content\"><h2 class=\"elementor-image-box-title\"><a href=\"#\">Bassin lixiviat - d\u00e9charge nabeul<\/a><\/h2><p class=\"elementor-image-box-description\">Mise en place de GSB<\/p><\/div><\/div>\t\t<\/div>\n\t\t\t\t<\/div>\n\t\t\t\t<div class=\"elementor-element elementor-element-0269aa3 areas-box elementor-position-top elementor-widget elementor-widget-image-box\" data-id=\"0269aa3\" data-element_type=\"widget\" data-widget_type=\"image-box.default\">\n\t\t\t\t<div class=\"elementor-widget-container\">\n\t\t\t<div class=\"elementor-image-box-wrapper\"><figure class=\"elementor-image-box-img\"><a href=\"#\" tabindex=\"-1\"><img decoding=\"async\" width=\"600\" height=\"600\" src=\"https:\/\/www.gtgtn.com\/wp-content\/uploads\/2024\/10\/WhatsApp-Image-2024-10-10-at-16.13.31-1-600x600.jpeg\" class=\"attachment-ocean-thumb-m size-ocean-thumb-m wp-image-966\" alt=\"\" srcset=\"https:\/\/www.gtgtn.com\/wp-content\/uploads\/2024\/10\/WhatsApp-Image-2024-10-10-at-16.13.31-1-600x600.jpeg 600w, https:\/\/www.gtgtn.com\/wp-content\/uploads\/2024\/10\/WhatsApp-Image-2024-10-10-at-16.13.31-1-150x150.jpeg 150w, https:\/\/www.gtgtn.com\/wp-content\/uploads\/2024\/10\/elementor\/thumbs\/WhatsApp-Image-2024-10-10-at-16.13.31-1-qvcy3uilcxdr2ots9v1sb11v56agh3wrdbi32yy6d4.jpeg 300w\" sizes=\"(max-width: 600px) 100vw, 600px\" \/><\/a><\/figure><div class=\"elementor-image-box-content\"><h2 class=\"elementor-image-box-title\"><a href=\"#\">Bassin lixiviat - d\u00e9charge Zaghouen<\/a><\/h2><p class=\"elementor-image-box-description\">Mise en place de GSB<\/p><\/div><\/div>\t\t<\/div>\n\t\t\t\t<\/div>\n\t\t\t\t\t<\/div>\n\t\t<\/div>\n\t\t\t\t<div class=\"elementor-column elementor-col-33 elementor-top-column elementor-element elementor-element-4754831\" data-id=\"4754831\" data-element_type=\"column\">\n\t\t\t<div class=\"elementor-widget-wrap elementor-element-populated\">\n\t\t\t\t\t\t<div class=\"elementor-element elementor-element-426e14d areas-box elementor-position-top elementor-widget elementor-widget-image-box\" data-id=\"426e14d\" data-element_type=\"widget\" data-widget_type=\"image-box.default\">\n\t\t\t\t<div class=\"elementor-widget-container\">\n\t\t\t<div class=\"elementor-image-box-wrapper\"><figure class=\"elementor-image-box-img\"><a href=\"#\" tabindex=\"-1\"><img decoding=\"async\" width=\"600\" height=\"600\" src=\"https:\/\/www.gtgtn.com\/wp-content\/uploads\/2024\/10\/WhatsApp-Image-2024-10-10-at-16.13.32-2-1-600x600.jpeg\" class=\"attachment-ocean-thumb-m size-ocean-thumb-m wp-image-1069\" alt=\"\" srcset=\"https:\/\/www.gtgtn.com\/wp-content\/uploads\/2024\/10\/WhatsApp-Image-2024-10-10-at-16.13.32-2-1-600x600.jpeg 600w, https:\/\/www.gtgtn.com\/wp-content\/uploads\/2024\/10\/WhatsApp-Image-2024-10-10-at-16.13.32-2-1-150x150.jpeg 150w\" sizes=\"(max-width: 600px) 100vw, 600px\" \/><\/a><\/figure><div class=\"elementor-image-box-content\"><h2 class=\"elementor-image-box-title\"><a href=\"#\">Fermeture - d\u00e9charge Sousse<\/a><\/h2><p class=\"elementor-image-box-description\">Mise en place plus de 72 000 m2 de g\u00e9ocomposite de drainage<\/p><\/div><\/div>\t\t<\/div>\n\t\t\t\t<\/div>\n\t\t\t\t<div class=\"elementor-element elementor-element-d6f607a areas-box elementor-position-top elementor-widget elementor-widget-image-box\" data-id=\"d6f607a\" data-element_type=\"widget\" data-widget_type=\"image-box.default\">\n\t\t\t\t<div class=\"elementor-widget-container\">\n\t\t\t<div class=\"elementor-image-box-wrapper\"><figure class=\"elementor-image-box-img\"><a href=\"#\" tabindex=\"-1\"><img loading=\"lazy\" decoding=\"async\" width=\"600\" height=\"600\" src=\"https:\/\/www.gtgtn.com\/wp-content\/uploads\/2024\/10\/WhatsApp-Image-2024-10-10-at-16.13.34-2-1-600x600.jpeg\" class=\"attachment-ocean-thumb-m size-ocean-thumb-m wp-image-1276\" alt=\"\" srcset=\"https:\/\/www.gtgtn.com\/wp-content\/uploads\/2024\/10\/WhatsApp-Image-2024-10-10-at-16.13.34-2-1-600x600.jpeg 600w, https:\/\/www.gtgtn.com\/wp-content\/uploads\/2024\/10\/WhatsApp-Image-2024-10-10-at-16.13.34-2-1-150x150.jpeg 150w\" sizes=\"(max-width: 600px) 100vw, 600px\" \/><\/a><\/figure><div class=\"elementor-image-box-content\"><h2 class=\"elementor-image-box-title\"><a href=\"#\">Protection littorale <\/a><\/h2><p class=\"elementor-image-box-description\">Confection et mise en place des g\u00e9obags<\/p><\/div><\/div>\t\t<\/div>\n\t\t\t\t<\/div>\n\t\t\t\t\t<\/div>\n\t\t<\/div>\n\t\t\t\t<div class=\"elementor-column elementor-col-33 elementor-top-column elementor-element elementor-element-cbf71f9\" data-id=\"cbf71f9\" data-element_type=\"column\">\n\t\t\t<div class=\"elementor-widget-wrap elementor-element-populated\">\n\t\t\t\t\t\t<div class=\"elementor-element elementor-element-3606646 areas-box elementor-position-top elementor-widget elementor-widget-image-box\" data-id=\"3606646\" data-element_type=\"widget\" data-widget_type=\"image-box.default\">\n\t\t\t\t<div class=\"elementor-widget-container\">\n\t\t\t<div class=\"elementor-image-box-wrapper\"><figure class=\"elementor-image-box-img\"><a href=\"#\" tabindex=\"-1\"><img loading=\"lazy\" decoding=\"async\" width=\"600\" height=\"600\" src=\"https:\/\/www.gtgtn.com\/wp-content\/uploads\/2024\/10\/WhatsApp-Image-2024-10-18-at-11.37.13-600x600.jpeg\" class=\"attachment-ocean-thumb-m size-ocean-thumb-m wp-image-1237\" alt=\"\" srcset=\"https:\/\/www.gtgtn.com\/wp-content\/uploads\/2024\/10\/WhatsApp-Image-2024-10-18-at-11.37.13-600x600.jpeg 600w, https:\/\/www.gtgtn.com\/wp-content\/uploads\/2024\/10\/WhatsApp-Image-2024-10-18-at-11.37.13-150x150.jpeg 150w\" sizes=\"(max-width: 600px) 100vw, 600px\" \/><\/a><\/figure><div class=\"elementor-image-box-content\"><h2 class=\"elementor-image-box-title\"><a href=\"#\">chaudronnerie plastique<\/a><\/h2><p class=\"elementor-image-box-description\">D\u00e9velopper et&nbsp; fabriquer des pi\u00e8ces sur-mesure.<\/p><\/div><\/div>\t\t<\/div>\n\t\t\t\t<\/div>\n\t\t\t\t<div class=\"elementor-element elementor-element-ceff91b areas-box elementor-position-top elementor-widget elementor-widget-image-box\" data-id=\"ceff91b\" data-element_type=\"widget\" data-widget_type=\"image-box.default\">\n\t\t\t\t<div class=\"elementor-widget-container\">\n\t\t\t<div class=\"elementor-image-box-wrapper\"><figure class=\"elementor-image-box-img\"><a href=\"#\" tabindex=\"-1\"><img loading=\"lazy\" decoding=\"async\" width=\"600\" height=\"600\" src=\"https:\/\/www.gtgtn.com\/wp-content\/uploads\/2024\/10\/WhatsApp-Image-2024-10-10-at-16.13.33-600x600.jpeg\" class=\"attachment-ocean-thumb-m size-ocean-thumb-m wp-image-971\" alt=\"\" srcset=\"https:\/\/www.gtgtn.com\/wp-content\/uploads\/2024\/10\/WhatsApp-Image-2024-10-10-at-16.13.33-600x600.jpeg 600w, https:\/\/www.gtgtn.com\/wp-content\/uploads\/2024\/10\/WhatsApp-Image-2024-10-10-at-16.13.33-150x150.jpeg 150w, https:\/\/www.gtgtn.com\/wp-content\/uploads\/2024\/10\/elementor\/thumbs\/WhatsApp-Image-2024-10-10-at-16.13.33-qvcycetq2aoo2spf3e1r90xs28i3xcc5nanosj7hqg.jpeg 500w, https:\/\/www.gtgtn.com\/wp-content\/uploads\/2024\/10\/elementor\/thumbs\/WhatsApp-Image-2024-10-10-at-16.13.33-qvcycetnml3susdy9kbf0v91zk2ultwpvphchq91o8.jpeg 300w\" sizes=\"(max-width: 600px) 100vw, 600px\" \/><\/a><\/figure><div class=\"elementor-image-box-content\"><h2 class=\"elementor-image-box-title\"><a href=\"#\">Construction d\u00e9charge Zaghouen<\/a><\/h2><p class=\"elementor-image-box-description\">Mise en place de GSB, g\u00e9omembranes PEHD et g\u00e9otextiles.<\/p><\/div><\/div>\t\t<\/div>\n\t\t\t\t<\/div>\n\t\t\t\t\t<\/div>\n\t\t<\/div>\n\t\t\t\t\t<\/div>\n\t\t<\/section>\n\t\t\t\t<\/div>\n\t\t","protected":false},"excerpt":{"rendered":"<p>Bassin lixiviat &#8211; d\u00e9charge nabeul Mise en place de GSB Bassin lixiviat &#8211; d\u00e9charge Zaghouen Mise en place de GSB Fermeture &#8211; d\u00e9charge Sousse Mise en place plus de 72 000 m2 de g\u00e9ocomposite de drainage Protection littorale Confection et mise en place des g\u00e9obags chaudronnerie plastique D\u00e9velopper et&nbsp; fabriquer des pi\u00e8ces sur-mesure. Construction d\u00e9charge [&hellip;]<\/p>\n","protected":false},"author":1,"featured_media":0,"parent":0,"menu_order":0,"comment_status":"closed","ping_status":"closed","template":"","meta":{"ocean_post_layout":"full-screen","ocean_both_sidebars_style":"","ocean_both_sidebars_content_width":0,"ocean_both_sidebars_sidebars_width":0,"ocean_sidebar":"0","ocean_second_sidebar":"0","ocean_disable_margins":"enable","ocean_add_body_class":"","ocean_shortcode_before_top_bar":"","ocean_shortcode_after_top_bar":"","ocean_shortcode_before_header":"","ocean_shortcode_after_header":"","ocean_has_shortcode":"","ocean_shortcode_after_title":"","ocean_shortcode_before_footer_widgets":"","ocean_shortcode_after_footer_widgets":"","ocean_shortcode_before_footer_bottom":"","ocean_shortcode_after_footer_bottom":"","ocean_display_top_bar":"default","ocean_display_header":"default","ocean_header_style":"","ocean_center_header_left_menu":"0","ocean_custom_header_template":"0","ocean_custom_logo":0,"ocean_custom_retina_logo":0,"ocean_custom_logo_max_width":0,"ocean_custom_logo_tablet_max_width":0,"ocean_custom_logo_mobile_max_width":0,"ocean_custom_logo_max_height":0,"ocean_custom_logo_tablet_max_height":0,"ocean_custom_logo_mobile_max_height":0,"ocean_header_custom_menu":"0","ocean_menu_typo_font_family":"0","ocean_menu_typo_font_subset":"","ocean_menu_typo_font_size":0,"ocean_menu_typo_font_size_tablet":0,"ocean_menu_typo_font_size_mobile":0,"ocean_menu_typo_font_size_unit":"px","ocean_menu_typo_font_weight":"","ocean_menu_typo_font_weight_tablet":"","ocean_menu_typo_font_weight_mobile":"","ocean_menu_typo_transform":"","ocean_menu_typo_transform_tablet":"","ocean_menu_typo_transform_mobile":"","ocean_menu_typo_line_height":0,"ocean_menu_typo_line_height_tablet":0,"ocean_menu_typo_line_height_mobile":0,"ocean_menu_typo_line_height_unit":"","ocean_menu_typo_spacing":0,"ocean_menu_typo_spacing_tablet":0,"ocean_menu_typo_spacing_mobile":0,"ocean_menu_typo_spacing_unit":"","ocean_menu_link_color":"","ocean_menu_link_color_hover":"","ocean_menu_link_color_active":"","ocean_menu_link_background":"","ocean_menu_link_hover_background":"","ocean_menu_link_active_background":"","ocean_menu_social_links_bg":"","ocean_menu_social_hover_links_bg":"","ocean_menu_social_links_color":"","ocean_menu_social_hover_links_color":"","ocean_disable_title":"default","ocean_disable_heading":"default","ocean_post_title":"","ocean_post_subheading":"","ocean_post_title_style":"","ocean_post_title_background_color":"","ocean_post_title_background":0,"ocean_post_title_bg_image_position":"","ocean_post_title_bg_image_attachment":"","ocean_post_title_bg_image_repeat":"","ocean_post_title_bg_image_size":"","ocean_post_title_height":0,"ocean_post_title_bg_overlay":0.5,"ocean_post_title_bg_overlay_color":"","ocean_disable_breadcrumbs":"default","ocean_breadcrumbs_color":"","ocean_breadcrumbs_separator_color":"","ocean_breadcrumbs_links_color":"","ocean_breadcrumbs_links_hover_color":"","ocean_display_footer_widgets":"default","ocean_display_footer_bottom":"default","ocean_custom_footer_template":"0","footnotes":""},"class_list":["post-294","page","type-page","status-publish","hentry","entry"],"aioseo_notices":[],"yoast_head":"<!-- This site is optimized with the Yoast SEO plugin v23.4 - https:\/\/yoast.com\/wordpress\/plugins\/seo\/ -->\n<title>R\u00e9alisations - Gtgtn<\/title>\n<meta name=\"robots\" content=\"index, follow, max-snippet:-1, max-image-preview:large, max-video-preview:-1\" \/>\n<link rel=\"canonical\" href=\"https:\/\/www.gtgtn.com\/index.php\/practice-areas\/\" \/>\n<meta property=\"og:locale\" content=\"fr_FR\" \/>\n<meta property=\"og:type\" content=\"article\" \/>\n<meta property=\"og:title\" content=\"R\u00e9alisations - Gtgtn\" \/>\n<meta property=\"og:description\" content=\"Bassin lixiviat &#8211; d\u00e9charge nabeul Mise en place de GSB Bassin lixiviat &#8211; d\u00e9charge Zaghouen Mise en place de GSB Fermeture &#8211; d\u00e9charge Sousse Mise en place plus de 72 000 m2 de g\u00e9ocomposite de drainage Protection littorale Confection et mise en place des g\u00e9obags chaudronnerie plastique D\u00e9velopper et&nbsp; fabriquer des pi\u00e8ces sur-mesure. Construction d\u00e9charge [&hellip;]\" \/>\n<meta property=\"og:url\" content=\"https:\/\/www.gtgtn.com\/index.php\/practice-areas\/\" \/>\n<meta property=\"og:site_name\" content=\"Gtgtn\" \/>\n<meta property=\"article:modified_time\" content=\"2024-10-18T11:22:10+00:00\" \/>\n<meta property=\"og:image\" content=\"http:\/\/www.gtgtn.com\/wp-content\/uploads\/2024\/10\/WhatsApp-Image-2024-02-14-at-08.59.16-600x600.jpeg\" \/>\n<meta name=\"twitter:card\" content=\"summary_large_image\" \/>\n<meta name=\"twitter:label1\" content=\"Dur\u00e9e de lecture estim\u00e9e\" \/>\n\t<meta name=\"twitter:data1\" content=\"2 minutes\" \/>\n<script type=\"application\/ld+json\" class=\"yoast-schema-graph\">{\"@context\":\"https:\/\/schema.org\",\"@graph\":[{\"@type\":\"WebPage\",\"@id\":\"https:\/\/www.gtgtn.com\/index.php\/practice-areas\/\",\"url\":\"https:\/\/www.gtgtn.com\/index.php\/practice-areas\/\",\"name\":\"R\u00e9alisations - Gtgtn\",\"isPartOf\":{\"@id\":\"https:\/\/www.gtgtn.com\/#website\"},\"primaryImageOfPage\":{\"@id\":\"https:\/\/www.gtgtn.com\/index.php\/practice-areas\/#primaryimage\"},\"image\":{\"@id\":\"https:\/\/www.gtgtn.com\/index.php\/practice-areas\/#primaryimage\"},\"thumbnailUrl\":\"http:\/\/www.gtgtn.com\/wp-content\/uploads\/2024\/10\/WhatsApp-Image-2024-02-14-at-08.59.16-600x600.jpeg\",\"datePublished\":\"2016-11-03T16:50:09+00:00\",\"dateModified\":\"2024-10-18T11:22:10+00:00\",\"breadcrumb\":{\"@id\":\"https:\/\/www.gtgtn.com\/index.php\/practice-areas\/#breadcrumb\"},\"inLanguage\":\"fr-FR\",\"potentialAction\":[{\"@type\":\"ReadAction\",\"target\":[\"https:\/\/www.gtgtn.com\/index.php\/practice-areas\/\"]}]},{\"@type\":\"ImageObject\",\"inLanguage\":\"fr-FR\",\"@id\":\"https:\/\/www.gtgtn.com\/index.php\/practice-areas\/#primaryimage\",\"url\":\"http:\/\/www.gtgtn.com\/wp-content\/uploads\/2024\/10\/WhatsApp-Image-2024-02-14-at-08.59.16-600x600.jpeg\",\"contentUrl\":\"http:\/\/www.gtgtn.com\/wp-content\/uploads\/2024\/10\/WhatsApp-Image-2024-02-14-at-08.59.16-600x600.jpeg\"},{\"@type\":\"BreadcrumbList\",\"@id\":\"https:\/\/www.gtgtn.com\/index.php\/practice-areas\/#breadcrumb\",\"itemListElement\":[{\"@type\":\"ListItem\",\"position\":1,\"name\":\"Accueil\",\"item\":\"https:\/\/www.gtgtn.com\/\"},{\"@type\":\"ListItem\",\"position\":2,\"name\":\"R\u00e9alisations\"}]},{\"@type\":\"WebSite\",\"@id\":\"https:\/\/www.gtgtn.com\/#website\",\"url\":\"https:\/\/www.gtgtn.com\/\",\"name\":\"Gtgtn\",\"description\":\"\",\"publisher\":{\"@id\":\"https:\/\/www.gtgtn.com\/#organization\"},\"potentialAction\":[{\"@type\":\"SearchAction\",\"target\":{\"@type\":\"EntryPoint\",\"urlTemplate\":\"https:\/\/www.gtgtn.com\/?s={search_term_string}\"},\"query-input\":{\"@type\":\"PropertyValueSpecification\",\"valueRequired\":true,\"valueName\":\"search_term_string\"}}],\"inLanguage\":\"fr-FR\"},{\"@type\":\"Organization\",\"@id\":\"https:\/\/www.gtgtn.com\/#organization\",\"name\":\"Gtgtn\",\"url\":\"https:\/\/www.gtgtn.com\/\",\"logo\":{\"@type\":\"ImageObject\",\"inLanguage\":\"fr-FR\",\"@id\":\"https:\/\/www.gtgtn.com\/#\/schema\/logo\/image\/\",\"url\":\"https:\/\/www.gtgtn.com\/wp-content\/uploads\/2024\/09\/cropped-Capture_d_ecran_2024-09-03_172939-removebg-preview.png\",\"contentUrl\":\"https:\/\/www.gtgtn.com\/wp-content\/uploads\/2024\/09\/cropped-Capture_d_ecran_2024-09-03_172939-removebg-preview.png\",\"width\":495,\"height\":414,\"caption\":\"Gtgtn\"},\"image\":{\"@id\":\"https:\/\/www.gtgtn.com\/#\/schema\/logo\/image\/\"}}]}<\/script>\n<!-- \/ Yoast SEO plugin. -->","yoast_head_json":{"title":"R\u00e9alisations - Gtgtn","robots":{"index":"index","follow":"follow","max-snippet":"max-snippet:-1","max-image-preview":"max-image-preview:large","max-video-preview":"max-video-preview:-1"},"canonical":"https:\/\/www.gtgtn.com\/index.php\/practice-areas\/","og_locale":"fr_FR","og_type":"article","og_title":"R\u00e9alisations - Gtgtn","og_description":"Bassin lixiviat &#8211; d\u00e9charge nabeul Mise en place de GSB Bassin lixiviat &#8211; d\u00e9charge Zaghouen Mise en place de GSB Fermeture &#8211; d\u00e9charge Sousse Mise en place plus de 72 000 m2 de g\u00e9ocomposite de drainage Protection littorale Confection et mise en place des g\u00e9obags chaudronnerie plastique D\u00e9velopper et&nbsp; fabriquer des pi\u00e8ces sur-mesure. Construction d\u00e9charge [&hellip;]","og_url":"https:\/\/www.gtgtn.com\/index.php\/practice-areas\/","og_site_name":"Gtgtn","article_modified_time":"2024-10-18T11:22:10+00:00","og_image":[{"url":"http:\/\/www.gtgtn.com\/wp-content\/uploads\/2024\/10\/WhatsApp-Image-2024-02-14-at-08.59.16-600x600.jpeg"}],"twitter_card":"summary_large_image","twitter_misc":{"Dur\u00e9e de lecture estim\u00e9e":"2 minutes"},"schema":{"@context":"https:\/\/schema.org","@graph":[{"@type":"WebPage","@id":"https:\/\/www.gtgtn.com\/index.php\/practice-areas\/","url":"https:\/\/www.gtgtn.com\/index.php\/practice-areas\/","name":"R\u00e9alisations - Gtgtn","isPartOf":{"@id":"https:\/\/www.gtgtn.com\/#website"},"primaryImageOfPage":{"@id":"https:\/\/www.gtgtn.com\/index.php\/practice-areas\/#primaryimage"},"image":{"@id":"https:\/\/www.gtgtn.com\/index.php\/practice-areas\/#primaryimage"},"thumbnailUrl":"http:\/\/www.gtgtn.com\/wp-content\/uploads\/2024\/10\/WhatsApp-Image-2024-02-14-at-08.59.16-600x600.jpeg","datePublished":"2016-11-03T16:50:09+00:00","dateModified":"2024-10-18T11:22:10+00:00","breadcrumb":{"@id":"https:\/\/www.gtgtn.com\/index.php\/practice-areas\/#breadcrumb"},"inLanguage":"fr-FR","potentialAction":[{"@type":"ReadAction","target":["https:\/\/www.gtgtn.com\/index.php\/practice-areas\/"]}]},{"@type":"ImageObject","inLanguage":"fr-FR","@id":"https:\/\/www.gtgtn.com\/index.php\/practice-areas\/#primaryimage","url":"http:\/\/www.gtgtn.com\/wp-content\/uploads\/2024\/10\/WhatsApp-Image-2024-02-14-at-08.59.16-600x600.jpeg","contentUrl":"http:\/\/www.gtgtn.com\/wp-content\/uploads\/2024\/10\/WhatsApp-Image-2024-02-14-at-08.59.16-600x600.jpeg"},{"@type":"BreadcrumbList","@id":"https:\/\/www.gtgtn.com\/index.php\/practice-areas\/#breadcrumb","itemListElement":[{"@type":"ListItem","position":1,"name":"Accueil","item":"https:\/\/www.gtgtn.com\/"},{"@type":"ListItem","position":2,"name":"R\u00e9alisations"}]},{"@type":"WebSite","@id":"https:\/\/www.gtgtn.com\/#website","url":"https:\/\/www.gtgtn.com\/","name":"Gtgtn","description":"","publisher":{"@id":"https:\/\/www.gtgtn.com\/#organization"},"potentialAction":[{"@type":"SearchAction","target":{"@type":"EntryPoint","urlTemplate":"https:\/\/www.gtgtn.com\/?s={search_term_string}"},"query-input":{"@type":"PropertyValueSpecification","valueRequired":true,"valueName":"search_term_string"}}],"inLanguage":"fr-FR"},{"@type":"Organization","@id":"https:\/\/www.gtgtn.com\/#organization","name":"Gtgtn","url":"https:\/\/www.gtgtn.com\/","logo":{"@type":"ImageObject","inLanguage":"fr-FR","@id":"https:\/\/www.gtgtn.com\/#\/schema\/logo\/image\/","url":"https:\/\/www.gtgtn.com\/wp-content\/uploads\/2024\/09\/cropped-Capture_d_ecran_2024-09-03_172939-removebg-preview.png","contentUrl":"https:\/\/www.gtgtn.com\/wp-content\/uploads\/2024\/09\/cropped-Capture_d_ecran_2024-09-03_172939-removebg-preview.png","width":495,"height":414,"caption":"Gtgtn"},"image":{"@id":"https:\/\/www.gtgtn.com\/#\/schema\/logo\/image\/"}}]}},"_links":{"self":[{"href":"https:\/\/www.gtgtn.com\/index.php\/wp-json\/wp\/v2\/pages\/294","targetHints":{"allow":["GET"]}}],"collection":[{"href":"https:\/\/www.gtgtn.com\/index.php\/wp-json\/wp\/v2\/pages"}],"about":[{"href":"https:\/\/www.gtgtn.com\/index.php\/wp-json\/wp\/v2\/types\/page"}],"author":[{"embeddable":true,"href":"https:\/\/www.gtgtn.com\/index.php\/wp-json\/wp\/v2\/users\/1"}],"replies":[{"embeddable":true,"href":"https:\/\/www.gtgtn.com\/index.php\/wp-json\/wp\/v2\/comments?post=294"}],"version-history":[{"count":100,"href":"https:\/\/www.gtgtn.com\/index.php\/wp-json\/wp\/v2\/pages\/294\/revisions"}],"predecessor-version":[{"id":1302,"href":"https:\/\/www.gtgtn.com\/index.php\/wp-json\/wp\/v2\/pages\/294\/revisions\/1302"}],"wp:attachment":[{"href":"https:\/\/www.gtgtn.com\/index.php\/wp-json\/wp\/v2\/media?parent=294"}],"curies":[{"name":"wp","href":"https:\/\/api.w.org\/{rel}","templated":true}]}}