{"id":354,"date":"2016-11-03T17:58:44","date_gmt":"2016-11-03T17:58:44","guid":{"rendered":"http:\/\/lawyer2.mythemecloud.io\/?page_id=354"},"modified":"2024-10-18T12:21:37","modified_gmt":"2024-10-18T10:21:37","slug":"contact","status":"publish","type":"page","link":"https:\/\/www.gtgtn.com\/index.php\/contact\/","title":{"rendered":"Contact"},"content":{"rendered":"\t\t<div data-elementor-type=\"wp-post\" data-elementor-id=\"354\" class=\"elementor elementor-354\">\n\t\t\t\t\t\t<section class=\"elementor-section elementor-top-section elementor-element elementor-element-hlt93es elementor-section-full_width elementor-section-height-default elementor-section-height-default\" data-id=\"hlt93es\" data-element_type=\"section\">\n\t\t\t\t\t\t<div class=\"elementor-container elementor-column-gap-default\">\n\t\t\t\t\t<div class=\"elementor-column elementor-col-100 elementor-top-column elementor-element elementor-element-e9sgetw\" data-id=\"e9sgetw\" data-element_type=\"column\">\n\t\t\t<div class=\"elementor-widget-wrap elementor-element-populated\">\n\t\t\t\t\t\t<div class=\"elementor-element elementor-element-zhkzbdk elementor-widget elementor-widget-google_maps\" data-id=\"zhkzbdk\" data-element_type=\"widget\" data-widget_type=\"google_maps.default\">\n\t\t\t\t<div class=\"elementor-widget-container\">\n\t\t\t<style>\/*! elementor - v3.23.0 - 05-08-2024 *\/\n.elementor-widget-google_maps .elementor-widget-container{overflow:hidden}.elementor-widget-google_maps .elementor-custom-embed{line-height:0}.elementor-widget-google_maps iframe{height:300px}<\/style>\t\t<div class=\"elementor-custom-embed\">\n\t\t\t<iframe loading=\"lazy\"\n\t\t\t\t\tsrc=\"https:\/\/maps.google.com\/maps?q=36.881624%2C%2010.114566&#038;t=m&#038;z=12&#038;output=embed&#038;iwloc=near\"\n\t\t\t\t\ttitle=\"36.881624, 10.114566\"\n\t\t\t\t\taria-label=\"36.881624, 10.114566\"\n\t\t\t><\/iframe>\n\t\t<\/div>\n\t\t\t\t<\/div>\n\t\t\t\t<\/div>\n\t\t\t\t\t<\/div>\n\t\t<\/div>\n\t\t\t\t\t<\/div>\n\t\t<\/section>\n\t\t\t\t<section class=\"elementor-section elementor-top-section elementor-element elementor-element-lh8ypsj elementor-section-boxed elementor-section-height-default elementor-section-height-default\" data-id=\"lh8ypsj\" data-element_type=\"section\" data-settings=\"{&quot;background_background&quot;:&quot;classic&quot;}\">\n\t\t\t\t\t\t<div class=\"elementor-container elementor-column-gap-default\">\n\t\t\t\t\t<div class=\"elementor-column elementor-col-33 elementor-top-column elementor-element elementor-element-h3u9tf3\" data-id=\"h3u9tf3\" data-element_type=\"column\">\n\t\t\t<div class=\"elementor-widget-wrap elementor-element-populated\">\n\t\t\t\t\t\t<div class=\"elementor-element elementor-element-3c1c733 elementor-position-top elementor-widget elementor-widget-image-box\" data-id=\"3c1c733\" data-element_type=\"widget\" data-widget_type=\"image-box.default\">\n\t\t\t\t<div class=\"elementor-widget-container\">\n\t\t\t<style>\/*! elementor - v3.23.0 - 05-08-2024 *\/\n.elementor-widget-image-box .elementor-image-box-content{width:100%}@media (min-width:768px){.elementor-widget-image-box.elementor-position-left .elementor-image-box-wrapper,.elementor-widget-image-box.elementor-position-right .elementor-image-box-wrapper{display:flex}.elementor-widget-image-box.elementor-position-right .elementor-image-box-wrapper{text-align:end;flex-direction:row-reverse}.elementor-widget-image-box.elementor-position-left .elementor-image-box-wrapper{text-align:start;flex-direction:row}.elementor-widget-image-box.elementor-position-top .elementor-image-box-img{margin:auto}.elementor-widget-image-box.elementor-vertical-align-top .elementor-image-box-wrapper{align-items:flex-start}.elementor-widget-image-box.elementor-vertical-align-middle .elementor-image-box-wrapper{align-items:center}.elementor-widget-image-box.elementor-vertical-align-bottom .elementor-image-box-wrapper{align-items:flex-end}}@media (max-width:767px){.elementor-widget-image-box .elementor-image-box-img{margin-left:auto!important;margin-right:auto!important;margin-bottom:15px}}.elementor-widget-image-box .elementor-image-box-img{display:inline-block}.elementor-widget-image-box .elementor-image-box-title a{color:inherit}.elementor-widget-image-box .elementor-image-box-wrapper{text-align:center}.elementor-widget-image-box .elementor-image-box-description{margin:0}<\/style><div class=\"elementor-image-box-wrapper\"><figure class=\"elementor-image-box-img\"><img fetchpriority=\"high\" decoding=\"async\" width=\"512\" height=\"512\" src=\"https:\/\/www.gtgtn.com\/wp-content\/uploads\/2022\/04\/location-3.png\" class=\"attachment-full size-full wp-image-803\" alt=\"\" srcset=\"https:\/\/www.gtgtn.com\/wp-content\/uploads\/2022\/04\/location-3.png 512w, https:\/\/www.gtgtn.com\/wp-content\/uploads\/2022\/04\/location-3-300x300.png 300w, https:\/\/www.gtgtn.com\/wp-content\/uploads\/2022\/04\/location-3-150x150.png 150w\" sizes=\"(max-width: 512px) 100vw, 512px\" \/><\/figure><div class=\"elementor-image-box-content\"><h2 class=\"elementor-image-box-title\">Adresse <\/h2><p class=\"elementor-image-box-description\">2 \u00e8me \u00e9tage, immeuble saphir , Mnihla, Ariana.<\/p><\/div><\/div>\t\t<\/div>\n\t\t\t\t<\/div>\n\t\t\t\t\t<\/div>\n\t\t<\/div>\n\t\t\t\t<div class=\"elementor-column elementor-col-33 elementor-top-column elementor-element elementor-element-re222k6\" data-id=\"re222k6\" data-element_type=\"column\">\n\t\t\t<div class=\"elementor-widget-wrap elementor-element-populated\">\n\t\t\t\t\t\t<div class=\"elementor-element elementor-element-b41f7cc elementor-position-top elementor-widget elementor-widget-image-box\" data-id=\"b41f7cc\" data-element_type=\"widget\" data-widget_type=\"image-box.default\">\n\t\t\t\t<div class=\"elementor-widget-container\">\n\t\t\t<div class=\"elementor-image-box-wrapper\"><figure class=\"elementor-image-box-img\"><img decoding=\"async\" width=\"512\" height=\"512\" src=\"https:\/\/www.gtgtn.com\/wp-content\/uploads\/2022\/04\/time.png\" class=\"attachment-full size-full wp-image-804\" alt=\"\" srcset=\"https:\/\/www.gtgtn.com\/wp-content\/uploads\/2022\/04\/time.png 512w, https:\/\/www.gtgtn.com\/wp-content\/uploads\/2022\/04\/time-300x300.png 300w, https:\/\/www.gtgtn.com\/wp-content\/uploads\/2022\/04\/time-150x150.png 150w\" sizes=\"(max-width: 512px) 100vw, 512px\" \/><\/figure><div class=\"elementor-image-box-content\"><h2 class=\"elementor-image-box-title\">T\u00e9l\u00e9phone<\/h2><p class=\"elementor-image-box-description\">+216 25 756 002<br>+216 27 523 463<\/p><\/div><\/div>\t\t<\/div>\n\t\t\t\t<\/div>\n\t\t\t\t\t<\/div>\n\t\t<\/div>\n\t\t\t\t<div class=\"elementor-column elementor-col-33 elementor-top-column elementor-element elementor-element-up4gpqk\" data-id=\"up4gpqk\" data-element_type=\"column\">\n\t\t\t<div class=\"elementor-widget-wrap elementor-element-populated\">\n\t\t\t\t\t\t<div class=\"elementor-element elementor-element-ca0d40d elementor-position-top elementor-widget elementor-widget-image-box\" data-id=\"ca0d40d\" data-element_type=\"widget\" data-widget_type=\"image-box.default\">\n\t\t\t\t<div class=\"elementor-widget-container\">\n\t\t\t<div class=\"elementor-image-box-wrapper\"><figure class=\"elementor-image-box-img\"><img decoding=\"async\" width=\"512\" height=\"512\" src=\"https:\/\/www.gtgtn.com\/wp-content\/uploads\/2022\/04\/send.png\" class=\"attachment-full size-full wp-image-805\" alt=\"\" srcset=\"https:\/\/www.gtgtn.com\/wp-content\/uploads\/2022\/04\/send.png 512w, https:\/\/www.gtgtn.com\/wp-content\/uploads\/2022\/04\/send-300x300.png 300w, https:\/\/www.gtgtn.com\/wp-content\/uploads\/2022\/04\/send-150x150.png 150w\" sizes=\"(max-width: 512px) 100vw, 512px\" \/><\/figure><div class=\"elementor-image-box-content\"><h2 class=\"elementor-image-box-title\">Contact<\/h2><p class=\"elementor-image-box-description\">contact@gtgtn.com<\/p><\/div><\/div>\t\t<\/div>\n\t\t\t\t<\/div>\n\t\t\t\t\t<\/div>\n\t\t<\/div>\n\t\t\t\t\t<\/div>\n\t\t<\/section>\n\t\t\t\t<section class=\"elementor-section elementor-top-section elementor-element elementor-element-pb273dg elementor-section-boxed elementor-section-height-default elementor-section-height-default\" data-id=\"pb273dg\" data-element_type=\"section\" data-settings=\"{&quot;background_background&quot;:&quot;classic&quot;}\">\n\t\t\t\t\t\t<div class=\"elementor-container elementor-column-gap-default\">\n\t\t\t\t\t<div class=\"elementor-column elementor-col-100 elementor-top-column elementor-element elementor-element-4jv80hw\" data-id=\"4jv80hw\" data-element_type=\"column\">\n\t\t\t<div class=\"elementor-widget-wrap\">\n\t\t\t\t\t\t\t<\/div>\n\t\t<\/div>\n\t\t\t\t\t<\/div>\n\t\t<\/section>\n\t\t\t\t<\/div>\n\t\t","protected":false},"excerpt":{"rendered":"<p>Adresse 2 \u00e8me \u00e9tage, immeuble saphir , Mnihla, Ariana. T\u00e9l\u00e9phone +216 25 756 002+216 27 523 463 Contact contact@gtgtn.com<\/p>\n","protected":false},"author":1,"featured_media":0,"parent":0,"menu_order":0,"comment_status":"closed","ping_status":"closed","template":"","meta":{"ocean_post_layout":"full-screen","ocean_both_sidebars_style":"","ocean_both_sidebars_content_width":0,"ocean_both_sidebars_sidebars_width":0,"ocean_sidebar":"0","ocean_second_sidebar":"0","ocean_disable_margins":"on","ocean_add_body_class":"","ocean_shortcode_before_top_bar":"","ocean_shortcode_after_top_bar":"","ocean_shortcode_before_header":"","ocean_shortcode_after_header":"","ocean_has_shortcode":"","ocean_shortcode_after_title":"","ocean_shortcode_before_footer_widgets":"","ocean_shortcode_after_footer_widgets":"","ocean_shortcode_before_footer_bottom":"","ocean_shortcode_after_footer_bottom":"","ocean_display_top_bar":"default","ocean_display_header":"default","ocean_header_style":"","ocean_center_header_left_menu":"0","ocean_custom_header_template":"0","ocean_custom_logo":0,"ocean_custom_retina_logo":0,"ocean_custom_logo_max_width":0,"ocean_custom_logo_tablet_max_width":0,"ocean_custom_logo_mobile_max_width":0,"ocean_custom_logo_max_height":0,"ocean_custom_logo_tablet_max_height":0,"ocean_custom_logo_mobile_max_height":0,"ocean_header_custom_menu":"0","ocean_menu_typo_font_family":"0","ocean_menu_typo_font_subset":"","ocean_menu_typo_font_size":0,"ocean_menu_typo_font_size_tablet":0,"ocean_menu_typo_font_size_mobile":0,"ocean_menu_typo_font_size_unit":"px","ocean_menu_typo_font_weight":"","ocean_menu_typo_font_weight_tablet":"","ocean_menu_typo_font_weight_mobile":"","ocean_menu_typo_transform":"","ocean_menu_typo_transform_tablet":"","ocean_menu_typo_transform_mobile":"","ocean_menu_typo_line_height":0,"ocean_menu_typo_line_height_tablet":0,"ocean_menu_typo_line_height_mobile":0,"ocean_menu_typo_line_height_unit":"","ocean_menu_typo_spacing":0,"ocean_menu_typo_spacing_tablet":0,"ocean_menu_typo_spacing_mobile":0,"ocean_menu_typo_spacing_unit":"","ocean_menu_link_color":"","ocean_menu_link_color_hover":"","ocean_menu_link_color_active":"","ocean_menu_link_background":"","ocean_menu_link_hover_background":"","ocean_menu_link_active_background":"","ocean_menu_social_links_bg":"","ocean_menu_social_hover_links_bg":"","ocean_menu_social_links_color":"","ocean_menu_social_hover_links_color":"","ocean_disable_title":"default","ocean_disable_heading":"default","ocean_post_title":"","ocean_post_subheading":"","ocean_post_title_style":"","ocean_post_title_background_color":"","ocean_post_title_background":0,"ocean_post_title_bg_image_position":"","ocean_post_title_bg_image_attachment":"","ocean_post_title_bg_image_repeat":"","ocean_post_title_bg_image_size":"","ocean_post_title_height":0,"ocean_post_title_bg_overlay":0.5,"ocean_post_title_bg_overlay_color":"","ocean_disable_breadcrumbs":"default","ocean_breadcrumbs_color":"","ocean_breadcrumbs_separator_color":"","ocean_breadcrumbs_links_color":"","ocean_breadcrumbs_links_hover_color":"","ocean_display_footer_widgets":"default","ocean_display_footer_bottom":"default","ocean_custom_footer_template":"0","footnotes":""},"class_list":["post-354","page","type-page","status-publish","hentry","entry"],"aioseo_notices":[],"yoast_head":"<!-- This site is optimized with the Yoast SEO plugin v23.4 - https:\/\/yoast.com\/wordpress\/plugins\/seo\/ -->\n<title>Contact - Gtgtn<\/title>\n<meta name=\"robots\" content=\"index, follow, max-snippet:-1, max-image-preview:large, max-video-preview:-1\" \/>\n<link rel=\"canonical\" href=\"https:\/\/www.gtgtn.com\/index.php\/contact\/\" \/>\n<meta property=\"og:locale\" content=\"fr_FR\" \/>\n<meta property=\"og:type\" content=\"article\" \/>\n<meta property=\"og:title\" content=\"Contact - Gtgtn\" \/>\n<meta property=\"og:description\" content=\"Adresse 2 \u00e8me \u00e9tage, immeuble saphir , Mnihla, Ariana. T\u00e9l\u00e9phone +216 25 756 002+216 27 523 463 Contact contact@gtgtn.com\" \/>\n<meta property=\"og:url\" content=\"https:\/\/www.gtgtn.com\/index.php\/contact\/\" \/>\n<meta property=\"og:site_name\" content=\"Gtgtn\" \/>\n<meta property=\"article:modified_time\" content=\"2024-10-18T10:21:37+00:00\" \/>\n<meta property=\"og:image\" content=\"http:\/\/www.gtgtn.com\/wp-content\/uploads\/2022\/04\/location-3.png\" \/>\n<meta name=\"twitter:card\" content=\"summary_large_image\" \/>\n<meta name=\"twitter:label1\" content=\"Dur\u00e9e de lecture estim\u00e9e\" \/>\n\t<meta name=\"twitter:data1\" content=\"1 minute\" \/>\n<script type=\"application\/ld+json\" class=\"yoast-schema-graph\">{\"@context\":\"https:\/\/schema.org\",\"@graph\":[{\"@type\":\"WebPage\",\"@id\":\"https:\/\/www.gtgtn.com\/index.php\/contact\/\",\"url\":\"https:\/\/www.gtgtn.com\/index.php\/contact\/\",\"name\":\"Contact - Gtgtn\",\"isPartOf\":{\"@id\":\"https:\/\/www.gtgtn.com\/#website\"},\"primaryImageOfPage\":{\"@id\":\"https:\/\/www.gtgtn.com\/index.php\/contact\/#primaryimage\"},\"image\":{\"@id\":\"https:\/\/www.gtgtn.com\/index.php\/contact\/#primaryimage\"},\"thumbnailUrl\":\"http:\/\/www.gtgtn.com\/wp-content\/uploads\/2022\/04\/location-3.png\",\"datePublished\":\"2016-11-03T17:58:44+00:00\",\"dateModified\":\"2024-10-18T10:21:37+00:00\",\"breadcrumb\":{\"@id\":\"https:\/\/www.gtgtn.com\/index.php\/contact\/#breadcrumb\"},\"inLanguage\":\"fr-FR\",\"potentialAction\":[{\"@type\":\"ReadAction\",\"target\":[\"https:\/\/www.gtgtn.com\/index.php\/contact\/\"]}]},{\"@type\":\"ImageObject\",\"inLanguage\":\"fr-FR\",\"@id\":\"https:\/\/www.gtgtn.com\/index.php\/contact\/#primaryimage\",\"url\":\"https:\/\/www.gtgtn.com\/wp-content\/uploads\/2022\/04\/location-3.png\",\"contentUrl\":\"https:\/\/www.gtgtn.com\/wp-content\/uploads\/2022\/04\/location-3.png\",\"width\":512,\"height\":512},{\"@type\":\"BreadcrumbList\",\"@id\":\"https:\/\/www.gtgtn.com\/index.php\/contact\/#breadcrumb\",\"itemListElement\":[{\"@type\":\"ListItem\",\"position\":1,\"name\":\"Accueil\",\"item\":\"https:\/\/www.gtgtn.com\/\"},{\"@type\":\"ListItem\",\"position\":2,\"name\":\"Contact\"}]},{\"@type\":\"WebSite\",\"@id\":\"https:\/\/www.gtgtn.com\/#website\",\"url\":\"https:\/\/www.gtgtn.com\/\",\"name\":\"Gtgtn\",\"description\":\"\",\"publisher\":{\"@id\":\"https:\/\/www.gtgtn.com\/#organization\"},\"potentialAction\":[{\"@type\":\"SearchAction\",\"target\":{\"@type\":\"EntryPoint\",\"urlTemplate\":\"https:\/\/www.gtgtn.com\/?s={search_term_string}\"},\"query-input\":{\"@type\":\"PropertyValueSpecification\",\"valueRequired\":true,\"valueName\":\"search_term_string\"}}],\"inLanguage\":\"fr-FR\"},{\"@type\":\"Organization\",\"@id\":\"https:\/\/www.gtgtn.com\/#organization\",\"name\":\"Gtgtn\",\"url\":\"https:\/\/www.gtgtn.com\/\",\"logo\":{\"@type\":\"ImageObject\",\"inLanguage\":\"fr-FR\",\"@id\":\"https:\/\/www.gtgtn.com\/#\/schema\/logo\/image\/\",\"url\":\"https:\/\/www.gtgtn.com\/wp-content\/uploads\/2024\/09\/cropped-Capture_d_ecran_2024-09-03_172939-removebg-preview.png\",\"contentUrl\":\"https:\/\/www.gtgtn.com\/wp-content\/uploads\/2024\/09\/cropped-Capture_d_ecran_2024-09-03_172939-removebg-preview.png\",\"width\":495,\"height\":414,\"caption\":\"Gtgtn\"},\"image\":{\"@id\":\"https:\/\/www.gtgtn.com\/#\/schema\/logo\/image\/\"}}]}<\/script>\n<!-- \/ Yoast SEO plugin. -->","yoast_head_json":{"title":"Contact - Gtgtn","robots":{"index":"index","follow":"follow","max-snippet":"max-snippet:-1","max-image-preview":"max-image-preview:large","max-video-preview":"max-video-preview:-1"},"canonical":"https:\/\/www.gtgtn.com\/index.php\/contact\/","og_locale":"fr_FR","og_type":"article","og_title":"Contact - Gtgtn","og_description":"Adresse 2 \u00e8me \u00e9tage, immeuble saphir , Mnihla, Ariana. T\u00e9l\u00e9phone +216 25 756 002+216 27 523 463 Contact contact@gtgtn.com","og_url":"https:\/\/www.gtgtn.com\/index.php\/contact\/","og_site_name":"Gtgtn","article_modified_time":"2024-10-18T10:21:37+00:00","og_image":[{"url":"http:\/\/www.gtgtn.com\/wp-content\/uploads\/2022\/04\/location-3.png"}],"twitter_card":"summary_large_image","twitter_misc":{"Dur\u00e9e de lecture estim\u00e9e":"1 minute"},"schema":{"@context":"https:\/\/schema.org","@graph":[{"@type":"WebPage","@id":"https:\/\/www.gtgtn.com\/index.php\/contact\/","url":"https:\/\/www.gtgtn.com\/index.php\/contact\/","name":"Contact - Gtgtn","isPartOf":{"@id":"https:\/\/www.gtgtn.com\/#website"},"primaryImageOfPage":{"@id":"https:\/\/www.gtgtn.com\/index.php\/contact\/#primaryimage"},"image":{"@id":"https:\/\/www.gtgtn.com\/index.php\/contact\/#primaryimage"},"thumbnailUrl":"http:\/\/www.gtgtn.com\/wp-content\/uploads\/2022\/04\/location-3.png","datePublished":"2016-11-03T17:58:44+00:00","dateModified":"2024-10-18T10:21:37+00:00","breadcrumb":{"@id":"https:\/\/www.gtgtn.com\/index.php\/contact\/#breadcrumb"},"inLanguage":"fr-FR","potentialAction":[{"@type":"ReadAction","target":["https:\/\/www.gtgtn.com\/index.php\/contact\/"]}]},{"@type":"ImageObject","inLanguage":"fr-FR","@id":"https:\/\/www.gtgtn.com\/index.php\/contact\/#primaryimage","url":"https:\/\/www.gtgtn.com\/wp-content\/uploads\/2022\/04\/location-3.png","contentUrl":"https:\/\/www.gtgtn.com\/wp-content\/uploads\/2022\/04\/location-3.png","width":512,"height":512},{"@type":"BreadcrumbList","@id":"https:\/\/www.gtgtn.com\/index.php\/contact\/#breadcrumb","itemListElement":[{"@type":"ListItem","position":1,"name":"Accueil","item":"https:\/\/www.gtgtn.com\/"},{"@type":"ListItem","position":2,"name":"Contact"}]},{"@type":"WebSite","@id":"https:\/\/www.gtgtn.com\/#website","url":"https:\/\/www.gtgtn.com\/","name":"Gtgtn","description":"","publisher":{"@id":"https:\/\/www.gtgtn.com\/#organization"},"potentialAction":[{"@type":"SearchAction","target":{"@type":"EntryPoint","urlTemplate":"https:\/\/www.gtgtn.com\/?s={search_term_string}"},"query-input":{"@type":"PropertyValueSpecification","valueRequired":true,"valueName":"search_term_string"}}],"inLanguage":"fr-FR"},{"@type":"Organization","@id":"https:\/\/www.gtgtn.com\/#organization","name":"Gtgtn","url":"https:\/\/www.gtgtn.com\/","logo":{"@type":"ImageObject","inLanguage":"fr-FR","@id":"https:\/\/www.gtgtn.com\/#\/schema\/logo\/image\/","url":"https:\/\/www.gtgtn.com\/wp-content\/uploads\/2024\/09\/cropped-Capture_d_ecran_2024-09-03_172939-removebg-preview.png","contentUrl":"https:\/\/www.gtgtn.com\/wp-content\/uploads\/2024\/09\/cropped-Capture_d_ecran_2024-09-03_172939-removebg-preview.png","width":495,"height":414,"caption":"Gtgtn"},"image":{"@id":"https:\/\/www.gtgtn.com\/#\/schema\/logo\/image\/"}}]}},"_links":{"self":[{"href":"https:\/\/www.gtgtn.com\/index.php\/wp-json\/wp\/v2\/pages\/354","targetHints":{"allow":["GET"]}}],"collection":[{"href":"https:\/\/www.gtgtn.com\/index.php\/wp-json\/wp\/v2\/pages"}],"about":[{"href":"https:\/\/www.gtgtn.com\/index.php\/wp-json\/wp\/v2\/types\/page"}],"author":[{"embeddable":true,"href":"https:\/\/www.gtgtn.com\/index.php\/wp-json\/wp\/v2\/users\/1"}],"replies":[{"embeddable":true,"href":"https:\/\/www.gtgtn.com\/index.php\/wp-json\/wp\/v2\/comments?post=354"}],"version-history":[{"count":21,"href":"https:\/\/www.gtgtn.com\/index.php\/wp-json\/wp\/v2\/pages\/354\/revisions"}],"predecessor-version":[{"id":1220,"href":"https:\/\/www.gtgtn.com\/index.php\/wp-json\/wp\/v2\/pages\/354\/revisions\/1220"}],"wp:attachment":[{"href":"https:\/\/www.gtgtn.com\/index.php\/wp-json\/wp\/v2\/media?parent=354"}],"curies":[{"name":"wp","href":"https:\/\/api.w.org\/{rel}","templated":true}]}}